{"id":618,"date":"2009-10-09T11:38:17","date_gmt":"2009-10-09T11:38:17","guid":{"rendered":"https:\/\/www.safecreative.org\/blog\/es\/?page_id=618"},"modified":"2013-10-01T09:22:27","modified_gmt":"2013-10-01T09:22:27","slug":"significado-de-los-iconos-de-licencias","status":"publish","type":"page","link":"https:\/\/www.safecreative.org\/blog\/es\/significado-de-los-iconos-de-licencias\/","title":{"rendered":"Significado de los iconos de licencias"},"content":{"rendered":"<p>A continuaci\u00f3n os facilitamos los distintos iconos y las posibilidades de selecci\u00f3n que existe para ellos.<\/p>\n<p>Es importante se\u00f1alar que \u00abrestringido\u00bb significa que hay que cumplir alguna condici\u00f3n especificada en el texto de la licencia<\/p>\n<p>La condici\u00f3n de \u00abcon = licencia\u00bb establece que la obra derivada tiene que tener a su vez una licencia an\u00e1loga o igual a la de la obra original.<\/p>\n<p><strong>Distribuci\u00f3n:<\/strong><\/p>\n<p><img loading=\"lazy\" decoding=\"async\" class=\"aligncenter size-full wp-image-624\" title=\"distribuci\u00f3n\" alt=\"distribuci\u00f3n\" src=\"https:\/\/www.safecreative.org\/blog\/es\/wp-content\/uploads\/2009\/10\/distribuci\u00f3n.jpg\" width=\"400\" height=\"129\" srcset=\"https:\/\/www.safecreative.org\/blog\/es\/wp-content\/uploads\/2009\/10\/distribuci\u00f3n.jpg 400w, https:\/\/www.safecreative.org\/blog\/es\/wp-content\/uploads\/2009\/10\/distribuci\u00f3n-300x96.jpg 300w\" sizes=\"auto, (max-width: 400px) 100vw, 400px\" \/><\/p>\n<p><strong>Uso comercial:<\/strong><\/p>\n<p><img loading=\"lazy\" decoding=\"async\" class=\"aligncenter size-full wp-image-622\" title=\"comercial\" alt=\"comercial\" src=\"https:\/\/www.safecreative.org\/blog\/es\/wp-content\/uploads\/2009\/10\/comercial.jpg\" width=\"400\" height=\"129\" srcset=\"https:\/\/www.safecreative.org\/blog\/es\/wp-content\/uploads\/2009\/10\/comercial.jpg 400w, https:\/\/www.safecreative.org\/blog\/es\/wp-content\/uploads\/2009\/10\/comercial-300x96.jpg 300w\" sizes=\"auto, (max-width: 400px) 100vw, 400px\" \/><\/p>\n<p><strong>Obras derivadas:<\/strong><\/p>\n<p><img loading=\"lazy\" decoding=\"async\" class=\"aligncenter size-full wp-image-621\" title=\"derivadas\" alt=\"derivadas\" src=\"https:\/\/www.safecreative.org\/blog\/es\/wp-content\/uploads\/2009\/10\/derivadas.jpg\" width=\"400\" height=\"129\" srcset=\"https:\/\/www.safecreative.org\/blog\/es\/wp-content\/uploads\/2009\/10\/derivadas.jpg 400w, https:\/\/www.safecreative.org\/blog\/es\/wp-content\/uploads\/2009\/10\/derivadas-300x96.jpg 300w\" sizes=\"auto, (max-width: 400px) 100vw, 400px\" \/><\/p>\n<p><strong>Atribuci\u00f3n de autor\u00eda:<\/strong><\/p>\n<p><img loading=\"lazy\" decoding=\"async\" class=\"aligncenter size-full wp-image-623\" title=\"reconocimiento\" alt=\"reconocimiento\" src=\"https:\/\/www.safecreative.org\/blog\/es\/wp-content\/uploads\/2009\/10\/reconocimiento.jpg\" width=\"400\" height=\"129\" srcset=\"https:\/\/www.safecreative.org\/blog\/es\/wp-content\/uploads\/2009\/10\/reconocimiento.jpg 400w, https:\/\/www.safecreative.org\/blog\/es\/wp-content\/uploads\/2009\/10\/reconocimiento-300x96.jpg 300w\" sizes=\"auto, (max-width: 400px) 100vw, 400px\" \/><\/p>\n<p style=\"text-align: center;\">\n<!-- AddThis Advanced Settings generic via filter on the_content --><!-- AddThis Share Buttons generic via filter on the_content -->","protected":false},"excerpt":{"rendered":"<p>A continuaci\u00f3n os facilitamos los distintos iconos y las posibilidades de selecci\u00f3n que existe para ellos. Es importante se\u00f1alar que \u00abrestringido\u00bb significa que hay que&hellip;<!-- AddThis Advanced Settings generic via filter on get_the_excerpt --><!-- AddThis Share Buttons generic via filter on get_the_excerpt --><\/p>\n","protected":false},"author":2,"featured_media":0,"parent":0,"menu_order":0,"comment_status":"open","ping_status":"open","template":"","meta":{"footnotes":""},"class_list":["post-618","page","type-page","status-publish","hentry"],"yoast_head":"<!-- This site is optimized with the Yoast SEO plugin v27.5 - https:\/\/yoast.com\/product\/yoast-seo-wordpress\/ -->\n<title>Significado de los iconos de licencias - Safe Creative: Blog<\/title>\n<meta name=\"robots\" content=\"index, follow, max-snippet:-1, max-image-preview:large, max-video-preview:-1\" \/>\n<link rel=\"canonical\" href=\"https:\/\/www.safecreative.org\/blog\/es\/significado-de-los-iconos-de-licencias\/\" \/>\n<meta property=\"og:locale\" content=\"es_ES\" \/>\n<meta property=\"og:type\" content=\"article\" \/>\n<meta property=\"og:title\" content=\"Significado de los iconos de licencias - Safe Creative: Blog\" \/>\n<meta property=\"og:description\" content=\"A continuaci\u00f3n os facilitamos los distintos iconos y las posibilidades de selecci\u00f3n que existe para ellos. Es importante se\u00f1alar que \u00abrestringido\u00bb significa que hay que&hellip;\" \/>\n<meta property=\"og:url\" content=\"https:\/\/www.safecreative.org\/blog\/es\/significado-de-los-iconos-de-licencias\/\" \/>\n<meta property=\"og:site_name\" content=\"Safe Creative: Blog\" \/>\n<meta property=\"article:publisher\" content=\"https:\/\/www.facebook.com\/safecreative\" \/>\n<meta property=\"article:modified_time\" content=\"2013-10-01T09:22:27+00:00\" \/>\n<meta property=\"og:image\" content=\"https:\/\/www.safecreative.org\/blog\/es\/wp-content\/uploads\/2009\/10\/comercial.jpg\" \/>\n<meta name=\"twitter:card\" content=\"summary_large_image\" \/>\n<meta name=\"twitter:site\" content=\"@safecreative\" \/>\n<script type=\"application\/ld+json\" class=\"yoast-schema-graph\">{\"@context\":\"https:\\\/\\\/schema.org\",\"@graph\":[{\"@type\":\"WebPage\",\"@id\":\"https:\\\/\\\/www.safecreative.org\\\/blog\\\/es\\\/significado-de-los-iconos-de-licencias\\\/\",\"url\":\"https:\\\/\\\/www.safecreative.org\\\/blog\\\/es\\\/significado-de-los-iconos-de-licencias\\\/\",\"name\":\"Significado de los iconos de licencias - Safe Creative: Blog\",\"isPartOf\":{\"@id\":\"https:\\\/\\\/www.safecreative.org\\\/blog\\\/es\\\/#website\"},\"primaryImageOfPage\":{\"@id\":\"https:\\\/\\\/www.safecreative.org\\\/blog\\\/es\\\/significado-de-los-iconos-de-licencias\\\/#primaryimage\"},\"image\":{\"@id\":\"https:\\\/\\\/www.safecreative.org\\\/blog\\\/es\\\/significado-de-los-iconos-de-licencias\\\/#primaryimage\"},\"thumbnailUrl\":\"https:\\\/\\\/www.safecreative.org\\\/blog\\\/es\\\/wp-content\\\/uploads\\\/2009\\\/10\\\/comercial.jpg\",\"datePublished\":\"2009-10-09T11:38:17+00:00\",\"dateModified\":\"2013-10-01T09:22:27+00:00\",\"breadcrumb\":{\"@id\":\"https:\\\/\\\/www.safecreative.org\\\/blog\\\/es\\\/significado-de-los-iconos-de-licencias\\\/#breadcrumb\"},\"inLanguage\":\"es\",\"potentialAction\":[{\"@type\":\"ReadAction\",\"target\":[\"https:\\\/\\\/www.safecreative.org\\\/blog\\\/es\\\/significado-de-los-iconos-de-licencias\\\/\"]}]},{\"@type\":\"ImageObject\",\"inLanguage\":\"es\",\"@id\":\"https:\\\/\\\/www.safecreative.org\\\/blog\\\/es\\\/significado-de-los-iconos-de-licencias\\\/#primaryimage\",\"url\":\"https:\\\/\\\/www.safecreative.org\\\/blog\\\/es\\\/wp-content\\\/uploads\\\/2009\\\/10\\\/comercial.jpg\",\"contentUrl\":\"https:\\\/\\\/www.safecreative.org\\\/blog\\\/es\\\/wp-content\\\/uploads\\\/2009\\\/10\\\/comercial.jpg\",\"width\":\"400\",\"height\":\"129\"},{\"@type\":\"BreadcrumbList\",\"@id\":\"https:\\\/\\\/www.safecreative.org\\\/blog\\\/es\\\/significado-de-los-iconos-de-licencias\\\/#breadcrumb\",\"itemListElement\":[{\"@type\":\"ListItem\",\"position\":1,\"name\":\"Portada\",\"item\":\"https:\\\/\\\/www.safecreative.org\\\/blog\\\/es\\\/\"},{\"@type\":\"ListItem\",\"position\":2,\"name\":\"Significado de los iconos de licencias\"}]},{\"@type\":\"WebSite\",\"@id\":\"https:\\\/\\\/www.safecreative.org\\\/blog\\\/es\\\/#website\",\"url\":\"https:\\\/\\\/www.safecreative.org\\\/blog\\\/es\\\/\",\"name\":\"Safe Creative: Blog\",\"description\":\"\",\"publisher\":{\"@id\":\"https:\\\/\\\/www.safecreative.org\\\/blog\\\/es\\\/#organization\"},\"potentialAction\":[{\"@type\":\"SearchAction\",\"target\":{\"@type\":\"EntryPoint\",\"urlTemplate\":\"https:\\\/\\\/www.safecreative.org\\\/blog\\\/es\\\/?s={search_term_string}\"},\"query-input\":{\"@type\":\"PropertyValueSpecification\",\"valueRequired\":true,\"valueName\":\"search_term_string\"}}],\"inLanguage\":\"es\"},{\"@type\":\"Organization\",\"@id\":\"https:\\\/\\\/www.safecreative.org\\\/blog\\\/es\\\/#organization\",\"name\":\"Safe Creative\",\"url\":\"https:\\\/\\\/www.safecreative.org\\\/blog\\\/es\\\/\",\"logo\":{\"@type\":\"ImageObject\",\"inLanguage\":\"es\",\"@id\":\"https:\\\/\\\/www.safecreative.org\\\/blog\\\/es\\\/#\\\/schema\\\/logo\\\/image\\\/\",\"url\":\"https:\\\/\\\/www.safecreative.org\\\/blog\\\/es\\\/wp-content\\\/uploads\\\/2024\\\/05\\\/texto-blog.png\",\"contentUrl\":\"https:\\\/\\\/www.safecreative.org\\\/blog\\\/es\\\/wp-content\\\/uploads\\\/2024\\\/05\\\/texto-blog.png\",\"width\":953,\"height\":183,\"caption\":\"Safe Creative\"},\"image\":{\"@id\":\"https:\\\/\\\/www.safecreative.org\\\/blog\\\/es\\\/#\\\/schema\\\/logo\\\/image\\\/\"},\"sameAs\":[\"https:\\\/\\\/www.facebook.com\\\/safecreative\",\"https:\\\/\\\/x.com\\\/safecreative\",\"https:\\\/\\\/www.instagram.com\\\/safecreative\\\/\",\"https:\\\/\\\/www.linkedin.com\\\/company\\\/safe-creative\\\/\",\"https:\\\/\\\/www.youtube.com\\\/c\\\/safecreative\"]}]}<\/script>\n<!-- \/ Yoast SEO plugin. -->","yoast_head_json":{"title":"Significado de los iconos de licencias - Safe Creative: Blog","robots":{"index":"index","follow":"follow","max-snippet":"max-snippet:-1","max-image-preview":"max-image-preview:large","max-video-preview":"max-video-preview:-1"},"canonical":"https:\/\/www.safecreative.org\/blog\/es\/significado-de-los-iconos-de-licencias\/","og_locale":"es_ES","og_type":"article","og_title":"Significado de los iconos de licencias - Safe Creative: Blog","og_description":"A continuaci\u00f3n os facilitamos los distintos iconos y las posibilidades de selecci\u00f3n que existe para ellos. Es importante se\u00f1alar que \u00abrestringido\u00bb significa que hay que&hellip;","og_url":"https:\/\/www.safecreative.org\/blog\/es\/significado-de-los-iconos-de-licencias\/","og_site_name":"Safe Creative: Blog","article_publisher":"https:\/\/www.facebook.com\/safecreative","article_modified_time":"2013-10-01T09:22:27+00:00","og_image":[{"url":"https:\/\/www.safecreative.org\/blog\/es\/wp-content\/uploads\/2009\/10\/comercial.jpg","type":"","width":"","height":""}],"twitter_card":"summary_large_image","twitter_site":"@safecreative","schema":{"@context":"https:\/\/schema.org","@graph":[{"@type":"WebPage","@id":"https:\/\/www.safecreative.org\/blog\/es\/significado-de-los-iconos-de-licencias\/","url":"https:\/\/www.safecreative.org\/blog\/es\/significado-de-los-iconos-de-licencias\/","name":"Significado de los iconos de licencias - Safe Creative: Blog","isPartOf":{"@id":"https:\/\/www.safecreative.org\/blog\/es\/#website"},"primaryImageOfPage":{"@id":"https:\/\/www.safecreative.org\/blog\/es\/significado-de-los-iconos-de-licencias\/#primaryimage"},"image":{"@id":"https:\/\/www.safecreative.org\/blog\/es\/significado-de-los-iconos-de-licencias\/#primaryimage"},"thumbnailUrl":"https:\/\/www.safecreative.org\/blog\/es\/wp-content\/uploads\/2009\/10\/comercial.jpg","datePublished":"2009-10-09T11:38:17+00:00","dateModified":"2013-10-01T09:22:27+00:00","breadcrumb":{"@id":"https:\/\/www.safecreative.org\/blog\/es\/significado-de-los-iconos-de-licencias\/#breadcrumb"},"inLanguage":"es","potentialAction":[{"@type":"ReadAction","target":["https:\/\/www.safecreative.org\/blog\/es\/significado-de-los-iconos-de-licencias\/"]}]},{"@type":"ImageObject","inLanguage":"es","@id":"https:\/\/www.safecreative.org\/blog\/es\/significado-de-los-iconos-de-licencias\/#primaryimage","url":"https:\/\/www.safecreative.org\/blog\/es\/wp-content\/uploads\/2009\/10\/comercial.jpg","contentUrl":"https:\/\/www.safecreative.org\/blog\/es\/wp-content\/uploads\/2009\/10\/comercial.jpg","width":"400","height":"129"},{"@type":"BreadcrumbList","@id":"https:\/\/www.safecreative.org\/blog\/es\/significado-de-los-iconos-de-licencias\/#breadcrumb","itemListElement":[{"@type":"ListItem","position":1,"name":"Portada","item":"https:\/\/www.safecreative.org\/blog\/es\/"},{"@type":"ListItem","position":2,"name":"Significado de los iconos de licencias"}]},{"@type":"WebSite","@id":"https:\/\/www.safecreative.org\/blog\/es\/#website","url":"https:\/\/www.safecreative.org\/blog\/es\/","name":"Safe Creative: Blog","description":"","publisher":{"@id":"https:\/\/www.safecreative.org\/blog\/es\/#organization"},"potentialAction":[{"@type":"SearchAction","target":{"@type":"EntryPoint","urlTemplate":"https:\/\/www.safecreative.org\/blog\/es\/?s={search_term_string}"},"query-input":{"@type":"PropertyValueSpecification","valueRequired":true,"valueName":"search_term_string"}}],"inLanguage":"es"},{"@type":"Organization","@id":"https:\/\/www.safecreative.org\/blog\/es\/#organization","name":"Safe Creative","url":"https:\/\/www.safecreative.org\/blog\/es\/","logo":{"@type":"ImageObject","inLanguage":"es","@id":"https:\/\/www.safecreative.org\/blog\/es\/#\/schema\/logo\/image\/","url":"https:\/\/www.safecreative.org\/blog\/es\/wp-content\/uploads\/2024\/05\/texto-blog.png","contentUrl":"https:\/\/www.safecreative.org\/blog\/es\/wp-content\/uploads\/2024\/05\/texto-blog.png","width":953,"height":183,"caption":"Safe Creative"},"image":{"@id":"https:\/\/www.safecreative.org\/blog\/es\/#\/schema\/logo\/image\/"},"sameAs":["https:\/\/www.facebook.com\/safecreative","https:\/\/x.com\/safecreative","https:\/\/www.instagram.com\/safecreative\/","https:\/\/www.linkedin.com\/company\/safe-creative\/","https:\/\/www.youtube.com\/c\/safecreative"]}]}},"_links":{"self":[{"href":"https:\/\/www.safecreative.org\/blog\/es\/wp-json\/wp\/v2\/pages\/618","targetHints":{"allow":["GET"]}}],"collection":[{"href":"https:\/\/www.safecreative.org\/blog\/es\/wp-json\/wp\/v2\/pages"}],"about":[{"href":"https:\/\/www.safecreative.org\/blog\/es\/wp-json\/wp\/v2\/types\/page"}],"author":[{"embeddable":true,"href":"https:\/\/www.safecreative.org\/blog\/es\/wp-json\/wp\/v2\/users\/2"}],"replies":[{"embeddable":true,"href":"https:\/\/www.safecreative.org\/blog\/es\/wp-json\/wp\/v2\/comments?post=618"}],"version-history":[{"count":7,"href":"https:\/\/www.safecreative.org\/blog\/es\/wp-json\/wp\/v2\/pages\/618\/revisions"}],"predecessor-version":[{"id":3706,"href":"https:\/\/www.safecreative.org\/blog\/es\/wp-json\/wp\/v2\/pages\/618\/revisions\/3706"}],"wp:attachment":[{"href":"https:\/\/www.safecreative.org\/blog\/es\/wp-json\/wp\/v2\/media?parent=618"}],"curies":[{"name":"wp","href":"https:\/\/api.w.org\/{rel}","templated":true}]}}