{"id":41,"date":"2008-02-25T11:19:40","date_gmt":"2008-02-25T11:19:40","guid":{"rendered":"https:\/\/www.safecreative.org\/blog\/es\/firmas\/javier-prenafeta\/"},"modified":"2022-11-16T18:28:53","modified_gmt":"2022-11-16T17:28:53","slug":"javier-prenafeta","status":"publish","type":"page","link":"https:\/\/www.safecreative.org\/blog\/es\/firmas\/javier-prenafeta\/","title":{"rendered":"Javier Prenafeta"},"content":{"rendered":"<p><img decoding=\"async\" src=\"https:\/\/www.safecreative.org\/blog\/es\/wp-content\/uploads\/2008\/02\/jprenafeta_p.jpg\" title=\"Javier Prenafeta\" alt=\"Javier Prenafeta\" align=\"left\" border=\"0\" hspace=\"7\" \/>Javier Prenafeta Rodr\u00edguez, es abogado en ejercicio del Real e Ilustre Colegio de Abogados de Zaragoza y miembro de la Junta Directiva de su Secci\u00f3n de Derecho de Internet y Nuevas Tecnolog\u00edas.<\/p>\n<p>Especialista en Contrataci\u00f3n y Comercio Electr\u00f3nicos, Administraci\u00f3n Electr\u00f3nica, Telecomunicaciones y Firma Electr\u00f3nica, Propiedad Intelectual y Protecci\u00f3n de Datos, asesorando en estas materias tanto a empresas como a Administraciones P\u00fablicas desde el a\u00f1o 2001.<\/p>\n<p>Es autor de numerosos art\u00edculos especializados y conferenciante en varias charlas y seminarios espec\u00edficos, entre ellos en el Centro de Formaci\u00f3n para la Empresa de IberCaja, IberCaja Zentrum, Diputaci\u00f3n Provincial de Zaragoza, C\u00e1mara Oficial de Comercio e Industria de Zaragoza, Fundaci\u00f3n San Valero, Universidad de Zaragoza, World Trade Center Barcelona y Colegio de Abogados de Zaragoza. Ha participado, entre otros, en el II Encuentro Internacional de e-business Walqa (2003), I Congreso Iberoamericano Bit\u00e1coras y Derecho (2005), IV Congreso Latinoamericano de Derecho Inform\u00e1tico (2006) y II Congreso de Nuevas Tecnolog\u00edas y Abogac\u00eda (2006).<br \/>\nSu web profesional es <a href=\"https:\/\/www.jprenafeta.com\">http:\/\/www.jprenafeta.com<\/a><\/p>\n<!-- AddThis Advanced Settings generic via filter on the_content --><!-- AddThis Share Buttons generic via filter on the_content -->","protected":false},"excerpt":{"rendered":"<p>Javier Prenafeta Rodr\u00edguez, es abogado en ejercicio del Real e Ilustre Colegio de Abogados de Zaragoza y miembro de la Junta Directiva de su Secci\u00f3n&hellip;<!-- AddThis Advanced Settings generic via filter on get_the_excerpt --><!-- AddThis Share Buttons generic via filter on get_the_excerpt --><\/p>\n","protected":false},"author":4,"featured_media":0,"parent":46,"menu_order":0,"comment_status":"closed","ping_status":"closed","template":"","meta":{"footnotes":""},"class_list":["post-41","page","type-page","status-publish","hentry"],"yoast_head":"<!-- This site is optimized with the Yoast SEO plugin v27.3 - https:\/\/yoast.com\/product\/yoast-seo-wordpress\/ -->\n<title>Javier Prenafeta - Safe Creative: Blog<\/title>\n<meta name=\"robots\" content=\"index, follow, max-snippet:-1, max-image-preview:large, max-video-preview:-1\" \/>\n<link rel=\"canonical\" href=\"https:\/\/www.safecreative.org\/blog\/es\/firmas\/javier-prenafeta\/\" \/>\n<meta property=\"og:locale\" content=\"es_ES\" \/>\n<meta property=\"og:type\" content=\"article\" \/>\n<meta property=\"og:title\" content=\"Javier Prenafeta - Safe Creative: Blog\" \/>\n<meta property=\"og:description\" content=\"Javier Prenafeta Rodr\u00edguez, es abogado en ejercicio del Real e Ilustre Colegio de Abogados de Zaragoza y miembro de la Junta Directiva de su Secci\u00f3n&hellip;\" \/>\n<meta property=\"og:url\" content=\"https:\/\/www.safecreative.org\/blog\/es\/firmas\/javier-prenafeta\/\" \/>\n<meta property=\"og:site_name\" content=\"Safe Creative: Blog\" \/>\n<meta property=\"article:publisher\" content=\"https:\/\/www.facebook.com\/safecreative\" \/>\n<meta property=\"article:modified_time\" content=\"2022-11-16T17:28:53+00:00\" \/>\n<meta property=\"og:image\" content=\"https:\/\/www.safecreative.org\/blog\/es\/wp-content\/uploads\/2008\/02\/jprenafeta_p.jpg\" \/>\n<meta name=\"twitter:card\" content=\"summary_large_image\" \/>\n<meta name=\"twitter:site\" content=\"@safecreative\" \/>\n<meta name=\"twitter:label1\" content=\"Est. reading time\" \/>\n\t<meta name=\"twitter:data1\" content=\"1 minuto\" \/>\n<script type=\"application\/ld+json\" class=\"yoast-schema-graph\">{\"@context\":\"https:\\\/\\\/schema.org\",\"@graph\":[{\"@type\":\"WebPage\",\"@id\":\"https:\\\/\\\/www.safecreative.org\\\/blog\\\/es\\\/firmas\\\/javier-prenafeta\\\/\",\"url\":\"https:\\\/\\\/www.safecreative.org\\\/blog\\\/es\\\/firmas\\\/javier-prenafeta\\\/\",\"name\":\"Javier Prenafeta - Safe Creative: Blog\",\"isPartOf\":{\"@id\":\"https:\\\/\\\/www.safecreative.org\\\/blog\\\/es\\\/#website\"},\"primaryImageOfPage\":{\"@id\":\"https:\\\/\\\/www.safecreative.org\\\/blog\\\/es\\\/firmas\\\/javier-prenafeta\\\/#primaryimage\"},\"image\":{\"@id\":\"https:\\\/\\\/www.safecreative.org\\\/blog\\\/es\\\/firmas\\\/javier-prenafeta\\\/#primaryimage\"},\"thumbnailUrl\":\"https:\\\/\\\/www.safecreative.org\\\/blog\\\/es\\\/wp-content\\\/uploads\\\/2008\\\/02\\\/jprenafeta_p.jpg\",\"datePublished\":\"2008-02-25T11:19:40+00:00\",\"dateModified\":\"2022-11-16T17:28:53+00:00\",\"breadcrumb\":{\"@id\":\"https:\\\/\\\/www.safecreative.org\\\/blog\\\/es\\\/firmas\\\/javier-prenafeta\\\/#breadcrumb\"},\"inLanguage\":\"es\",\"potentialAction\":[{\"@type\":\"ReadAction\",\"target\":[\"https:\\\/\\\/www.safecreative.org\\\/blog\\\/es\\\/firmas\\\/javier-prenafeta\\\/\"]}]},{\"@type\":\"ImageObject\",\"inLanguage\":\"es\",\"@id\":\"https:\\\/\\\/www.safecreative.org\\\/blog\\\/es\\\/firmas\\\/javier-prenafeta\\\/#primaryimage\",\"url\":\"https:\\\/\\\/www.safecreative.org\\\/blog\\\/es\\\/wp-content\\\/uploads\\\/2008\\\/02\\\/jprenafeta_p.jpg\",\"contentUrl\":\"https:\\\/\\\/www.safecreative.org\\\/blog\\\/es\\\/wp-content\\\/uploads\\\/2008\\\/02\\\/jprenafeta_p.jpg\"},{\"@type\":\"BreadcrumbList\",\"@id\":\"https:\\\/\\\/www.safecreative.org\\\/blog\\\/es\\\/firmas\\\/javier-prenafeta\\\/#breadcrumb\",\"itemListElement\":[{\"@type\":\"ListItem\",\"position\":1,\"name\":\"Portada\",\"item\":\"https:\\\/\\\/www.safecreative.org\\\/blog\\\/es\\\/\"},{\"@type\":\"ListItem\",\"position\":2,\"name\":\"Firmas\",\"item\":\"https:\\\/\\\/www.safecreative.org\\\/blog\\\/es\\\/firmas\\\/\"},{\"@type\":\"ListItem\",\"position\":3,\"name\":\"Javier Prenafeta\"}]},{\"@type\":\"WebSite\",\"@id\":\"https:\\\/\\\/www.safecreative.org\\\/blog\\\/es\\\/#website\",\"url\":\"https:\\\/\\\/www.safecreative.org\\\/blog\\\/es\\\/\",\"name\":\"Safe Creative: Blog\",\"description\":\"\",\"publisher\":{\"@id\":\"https:\\\/\\\/www.safecreative.org\\\/blog\\\/es\\\/#organization\"},\"potentialAction\":[{\"@type\":\"SearchAction\",\"target\":{\"@type\":\"EntryPoint\",\"urlTemplate\":\"https:\\\/\\\/www.safecreative.org\\\/blog\\\/es\\\/?s={search_term_string}\"},\"query-input\":{\"@type\":\"PropertyValueSpecification\",\"valueRequired\":true,\"valueName\":\"search_term_string\"}}],\"inLanguage\":\"es\"},{\"@type\":\"Organization\",\"@id\":\"https:\\\/\\\/www.safecreative.org\\\/blog\\\/es\\\/#organization\",\"name\":\"Safe Creative\",\"url\":\"https:\\\/\\\/www.safecreative.org\\\/blog\\\/es\\\/\",\"logo\":{\"@type\":\"ImageObject\",\"inLanguage\":\"es\",\"@id\":\"https:\\\/\\\/www.safecreative.org\\\/blog\\\/es\\\/#\\\/schema\\\/logo\\\/image\\\/\",\"url\":\"https:\\\/\\\/www.safecreative.org\\\/blog\\\/es\\\/wp-content\\\/uploads\\\/2024\\\/05\\\/texto-blog.png\",\"contentUrl\":\"https:\\\/\\\/www.safecreative.org\\\/blog\\\/es\\\/wp-content\\\/uploads\\\/2024\\\/05\\\/texto-blog.png\",\"width\":953,\"height\":183,\"caption\":\"Safe Creative\"},\"image\":{\"@id\":\"https:\\\/\\\/www.safecreative.org\\\/blog\\\/es\\\/#\\\/schema\\\/logo\\\/image\\\/\"},\"sameAs\":[\"https:\\\/\\\/www.facebook.com\\\/safecreative\",\"https:\\\/\\\/x.com\\\/safecreative\",\"https:\\\/\\\/www.instagram.com\\\/safecreative\\\/\",\"https:\\\/\\\/www.linkedin.com\\\/company\\\/safe-creative\\\/\",\"https:\\\/\\\/www.youtube.com\\\/c\\\/safecreative\"]}]}<\/script>\n<!-- \/ Yoast SEO plugin. -->","yoast_head_json":{"title":"Javier Prenafeta - Safe Creative: Blog","robots":{"index":"index","follow":"follow","max-snippet":"max-snippet:-1","max-image-preview":"max-image-preview:large","max-video-preview":"max-video-preview:-1"},"canonical":"https:\/\/www.safecreative.org\/blog\/es\/firmas\/javier-prenafeta\/","og_locale":"es_ES","og_type":"article","og_title":"Javier Prenafeta - Safe Creative: Blog","og_description":"Javier Prenafeta Rodr\u00edguez, es abogado en ejercicio del Real e Ilustre Colegio de Abogados de Zaragoza y miembro de la Junta Directiva de su Secci\u00f3n&hellip;","og_url":"https:\/\/www.safecreative.org\/blog\/es\/firmas\/javier-prenafeta\/","og_site_name":"Safe Creative: Blog","article_publisher":"https:\/\/www.facebook.com\/safecreative","article_modified_time":"2022-11-16T17:28:53+00:00","og_image":[{"url":"https:\/\/www.safecreative.org\/blog\/es\/wp-content\/uploads\/2008\/02\/jprenafeta_p.jpg","type":"","width":"","height":""}],"twitter_card":"summary_large_image","twitter_site":"@safecreative","twitter_misc":{"Est. reading time":"1 minuto"},"schema":{"@context":"https:\/\/schema.org","@graph":[{"@type":"WebPage","@id":"https:\/\/www.safecreative.org\/blog\/es\/firmas\/javier-prenafeta\/","url":"https:\/\/www.safecreative.org\/blog\/es\/firmas\/javier-prenafeta\/","name":"Javier Prenafeta - Safe Creative: Blog","isPartOf":{"@id":"https:\/\/www.safecreative.org\/blog\/es\/#website"},"primaryImageOfPage":{"@id":"https:\/\/www.safecreative.org\/blog\/es\/firmas\/javier-prenafeta\/#primaryimage"},"image":{"@id":"https:\/\/www.safecreative.org\/blog\/es\/firmas\/javier-prenafeta\/#primaryimage"},"thumbnailUrl":"https:\/\/www.safecreative.org\/blog\/es\/wp-content\/uploads\/2008\/02\/jprenafeta_p.jpg","datePublished":"2008-02-25T11:19:40+00:00","dateModified":"2022-11-16T17:28:53+00:00","breadcrumb":{"@id":"https:\/\/www.safecreative.org\/blog\/es\/firmas\/javier-prenafeta\/#breadcrumb"},"inLanguage":"es","potentialAction":[{"@type":"ReadAction","target":["https:\/\/www.safecreative.org\/blog\/es\/firmas\/javier-prenafeta\/"]}]},{"@type":"ImageObject","inLanguage":"es","@id":"https:\/\/www.safecreative.org\/blog\/es\/firmas\/javier-prenafeta\/#primaryimage","url":"https:\/\/www.safecreative.org\/blog\/es\/wp-content\/uploads\/2008\/02\/jprenafeta_p.jpg","contentUrl":"https:\/\/www.safecreative.org\/blog\/es\/wp-content\/uploads\/2008\/02\/jprenafeta_p.jpg"},{"@type":"BreadcrumbList","@id":"https:\/\/www.safecreative.org\/blog\/es\/firmas\/javier-prenafeta\/#breadcrumb","itemListElement":[{"@type":"ListItem","position":1,"name":"Portada","item":"https:\/\/www.safecreative.org\/blog\/es\/"},{"@type":"ListItem","position":2,"name":"Firmas","item":"https:\/\/www.safecreative.org\/blog\/es\/firmas\/"},{"@type":"ListItem","position":3,"name":"Javier Prenafeta"}]},{"@type":"WebSite","@id":"https:\/\/www.safecreative.org\/blog\/es\/#website","url":"https:\/\/www.safecreative.org\/blog\/es\/","name":"Safe Creative: Blog","description":"","publisher":{"@id":"https:\/\/www.safecreative.org\/blog\/es\/#organization"},"potentialAction":[{"@type":"SearchAction","target":{"@type":"EntryPoint","urlTemplate":"https:\/\/www.safecreative.org\/blog\/es\/?s={search_term_string}"},"query-input":{"@type":"PropertyValueSpecification","valueRequired":true,"valueName":"search_term_string"}}],"inLanguage":"es"},{"@type":"Organization","@id":"https:\/\/www.safecreative.org\/blog\/es\/#organization","name":"Safe Creative","url":"https:\/\/www.safecreative.org\/blog\/es\/","logo":{"@type":"ImageObject","inLanguage":"es","@id":"https:\/\/www.safecreative.org\/blog\/es\/#\/schema\/logo\/image\/","url":"https:\/\/www.safecreative.org\/blog\/es\/wp-content\/uploads\/2024\/05\/texto-blog.png","contentUrl":"https:\/\/www.safecreative.org\/blog\/es\/wp-content\/uploads\/2024\/05\/texto-blog.png","width":953,"height":183,"caption":"Safe Creative"},"image":{"@id":"https:\/\/www.safecreative.org\/blog\/es\/#\/schema\/logo\/image\/"},"sameAs":["https:\/\/www.facebook.com\/safecreative","https:\/\/x.com\/safecreative","https:\/\/www.instagram.com\/safecreative\/","https:\/\/www.linkedin.com\/company\/safe-creative\/","https:\/\/www.youtube.com\/c\/safecreative"]}]}},"_links":{"self":[{"href":"https:\/\/www.safecreative.org\/blog\/es\/wp-json\/wp\/v2\/pages\/41","targetHints":{"allow":["GET"]}}],"collection":[{"href":"https:\/\/www.safecreative.org\/blog\/es\/wp-json\/wp\/v2\/pages"}],"about":[{"href":"https:\/\/www.safecreative.org\/blog\/es\/wp-json\/wp\/v2\/types\/page"}],"author":[{"embeddable":true,"href":"https:\/\/www.safecreative.org\/blog\/es\/wp-json\/wp\/v2\/users\/4"}],"replies":[{"embeddable":true,"href":"https:\/\/www.safecreative.org\/blog\/es\/wp-json\/wp\/v2\/comments?post=41"}],"version-history":[{"count":1,"href":"https:\/\/www.safecreative.org\/blog\/es\/wp-json\/wp\/v2\/pages\/41\/revisions"}],"predecessor-version":[{"id":8245,"href":"https:\/\/www.safecreative.org\/blog\/es\/wp-json\/wp\/v2\/pages\/41\/revisions\/8245"}],"up":[{"embeddable":true,"href":"https:\/\/www.safecreative.org\/blog\/es\/wp-json\/wp\/v2\/pages\/46"}],"wp:attachment":[{"href":"https:\/\/www.safecreative.org\/blog\/es\/wp-json\/wp\/v2\/media?parent=41"}],"curies":[{"name":"wp","href":"https:\/\/api.w.org\/{rel}","templated":true}]}}