{"id":3165,"date":"2012-12-05T10:35:47","date_gmt":"2012-12-05T10:35:47","guid":{"rendered":"https:\/\/www.safecreative.org\/blog\/es\/?page_id=3165"},"modified":"2022-12-28T17:38:39","modified_gmt":"2022-12-28T16:38:39","slug":"servicios-profesionales","status":"publish","type":"page","link":"https:\/\/www.safecreative.org\/blog\/es\/servicios-profesionales\/","title":{"rendered":"Servicios disponibles desde Safe Creative"},"content":{"rendered":"<p>Una vez registrada tu obra en Safe Creative ya dispones de una prueba s\u00f3lida de autor\u00eda que te permite difundir y compartir tu trabajo con seguridad, adem\u00e1s de un punto de informaci\u00f3n y una plataforma de servicios desde la que &nbsp;tambi\u00e9n puedes:<\/p>\n<p><img decoding=\"async\" style=\"width: 150px; height: 150px; float: left;\" alt=\"USCO\" src=\"https:\/\/www.safecreative.org\/blog\/es\/wp-content\/uploads\/2012\/12\/logo_usco_150.jpg\" hspace=\"10\"><br \/>\n<a href=\"https:\/\/www.safecreative.org\/blog\/es\/faqs\/registro-en-la-u-s-copyright-office\/\">Enviar tu obra a la Oficina de Registra Americana<\/a> (United States Copyright Office).&nbsp;La Oficina de Registro de Copyright de los EE.UU. (USCO) forma parte de la Biblioteca del Congreso de los Estados Unidos y su funci\u00f3n principal es la de oficina de registros, en la que los documentos relacionados con los derechos de autor son almacenados y registrados.<\/p>\n<p>Tambi\u00e9n asiste al gobierno de los EE.UU. en materia de derechos de autor, incluido el suministro de informes y la asistencia en la redacci\u00f3n de la legislaci\u00f3n.<\/p>\n<p>&nbsp;<\/p>\n<p><img loading=\"lazy\" decoding=\"async\" class=\"alignleft size-full wp-image-3757\" style=\"margin-left: 10px; margin-right: 10px;\" alt=\"logo_ctvp_150\" src=\"https:\/\/www.safecreative.org\/blog\/es\/wp-content\/uploads\/2012\/12\/logo_ctvp_150.png\" width=\"150\" height=\"92\"><\/p>\n<p>Crea TV Place es un espacio \u00fanico de promoci\u00f3n y contacto con las principales televisiones y productoras a nivel mundial. Convierte la compleja tarea de dar a conocer en todo el mundo tu formato de televisi\u00f3n en algo tan f\u00e1cil como un click. Con la seguridad para los derechos del autor del registro en Safe Creative.<\/p>\n<p>&nbsp;<\/p>\n<p><a href=\"http:\/\/people.safecreative.org\/\"><img loading=\"lazy\" decoding=\"async\" class=\"size-full wp-image-3888 alignleft\" style=\"margin-left: 5px; margin-right: 5px;\" alt=\"cpeople\" src=\"https:\/\/www.safecreative.org\/blog\/es\/wp-content\/uploads\/2012\/12\/cpeople.png\" width=\"150\" height=\"49\"><\/a><\/p>\n<p>Portal para difusi\u00f3n y promoci\u00f3n de obras registradas en Safe Creative.<\/p>\n<p>&nbsp;<\/p>\n<p><a href=\"http:\/\/egeda.es\/\" target=\"_blank\" rel=\"noopener\"><img decoding=\"async\" style=\"width: 150px; height: 150px; float: left;\" alt=\"egeda\" src=\"https:\/\/www.safecreative.org\/blog\/es\/wp-content\/uploads\/2012\/12\/logo_egeda_150.jpg\" hspace=\"10\"><\/a><\/p>\n<p>&nbsp;<\/p>\n<p>Gesti\u00f3n de derechos y servicios para tu obra a trav\u00e9s de la sociedad de servicios para los productores y la industria audiovisual en su conjunto. Representa y defiende en todo el mundo los intereses de los productores audiovisuales, derivados de los derechos que reconoce y protege la Ley de Propiedad Intelectual.<\/p>\n<p>Su actuaci\u00f3n se realiza sin \u00e1nimo de lucro y su adhesi\u00f3n y permanencia es gratuita.<\/p>\n<p>Servicios:<\/p>\n<ul>\n<li><a><span style=\"text-decoration: underline;\">Gesti\u00f3n de sus derechos de propiedad intelectual en todo el mundo.<\/span><\/a><\/li>\n<li><a><span style=\"text-decoration: underline;\">Identificaci\u00f3n internacional de sus obras a trav\u00e9s del c\u00f3digo ISAN.<\/span><\/a><\/li>\n<li><a><span style=\"text-decoration: underline;\">Digitalizaci\u00f3n de sus obras y distribuci\u00f3n en plataformas de cine online.<\/span><\/a><\/li>\n<li><a><span style=\"text-decoration: underline;\">Promoci\u00f3n de su obra entre distribuidores y compradores potenciales (VEOPROMO).<\/span><\/a><\/li>\n<li><a><span style=\"text-decoration: underline;\">Participaci\u00f3n en festivales y premios cinematogr\u00e1ficos mediante plataformas de visionado on-line.<\/span><\/a><\/li>\n<li><a><span style=\"text-decoration: underline;\">Servicio de secuenciaci\u00f3n y comercializaci\u00f3n de las secuencias de sus obras.<\/span><\/a><\/li>\n<li><a><span style=\"text-decoration: underline;\">Informaci\u00f3n sobre el sector audiovisual: actividades, publicaciones, eventos,?<\/span><\/a><\/li>\n<li><a><span style=\"text-decoration: underline;\">Acceso a condiciones de financiaci\u00f3n de sus proyectos audiovisuales.<\/span><\/a><\/li>\n<li><a><span style=\"text-decoration: underline;\">Ayuda en el rodaje de sus proyectos en Espa\u00f1a.<\/span><\/a><\/li>\n<\/ul>\n<p>&nbsp;<\/p>\n<p><a href=\"http:\/\/www.isan.org\/\" target=\"_blank\" rel=\"noopener\"><img decoding=\"async\" style=\"float: left;\" alt=\"isan\" src=\"https:\/\/www.safecreative.org\/blog\/es\/wp-content\/uploads\/2012\/12\/isan.jpg\" hspace=\"10\"><\/a><br \/>\nAdquisici\u00f3n del c\u00f3digo ISAN (para obras cinematogr\u00e1ficas, series, documentales, videojuegos&#8230;)<\/p>\n<p>El c\u00f3digo ISAN es un sistema de numeraci\u00f3n voluntario, similar al ISBN utilizado en el mundo editorial o al ISWC de las piezas musicales, para la identificaci\u00f3n de las obras audiovisuales. Cada c\u00f3digo ISAN identifica a una \u00fanica obra audiovisual y permanece inalterado a lo largo de la vida de la obra, independientemente del idioma, formato o uso que se le d\u00e9 a \u00e9sta. El c\u00f3digo ISAN es un n\u00famero de referencia \u00fanico, permanente y reconocido internacionalmente para la identificaci\u00f3n de obras audiovisuales.<\/p>\n<p>Es una herramienta que mejora la gesti\u00f3n y las actividades de la industria audiovisual mundial y su uso como medio de referencia simple e inequ\u00edvoco de la obra es utilizado por muchas organizaciones, entre ellas el Registro de Bienes Muebles de Espa\u00f1a.<\/p>\n<p>&nbsp;<\/p>\n<p><a href=\"http:\/\/www.filmotech.com\/V2\/ES\/iniciofx.asp\" target=\"_blank\" rel=\"noopener\"><img decoding=\"async\" style=\"float: left;\" alt=\"filmotech\" src=\"https:\/\/www.safecreative.org\/blog\/es\/wp-content\/uploads\/2012\/12\/filmotech1.jpg\" hspace=\"10\"><\/a><\/p>\n<p>Distribuci\u00f3n en el portal de cine online filmotech.com, incorporando de esta forma al cat\u00e1logo audiovisual de este portal p\u00fablico.<\/p>\n<p>&nbsp;<\/p>\n<p>Ventajas:<\/p>\n<ul>\n<li>&nbsp;<strong>Tecnolog\u00eda e innovaci\u00f3n:<\/strong>&nbsp;En&nbsp;<a href=\"http:\/\/www.filmotech.com\/\" target=\"_blank\" rel=\"noopener\">filmotech.com<\/a>&nbsp;siempre estaremos a la vanguardia de la tecnolog\u00eda, permitiendo que sus obras se beneficien constantemente de los m\u00e1ximos est\u00e1ndares de calidad y seguridad existentes en cada momento.<\/li>\n<li><strong>Total seguridad:<\/strong>&nbsp;<a href=\"http:\/\/www.filmotech.com\/\" target=\"_blank\" rel=\"noopener\">filmotech.com<\/a>&nbsp;le garantiza la m\u00e1xima seguridad de su obra utilizando el visionado&nbsp;<em>streaming on-real<\/em>, que no se almacena ni descarga en ning\u00fan dispositivo, impidiendo as\u00ed las copias ilegales.<\/li>\n<li><strong>Difusi\u00f3n y control:<\/strong>&nbsp;A trav\u00e9s de&nbsp;<a href=\"http:\/\/www.filmotech.com\/\" target=\"_blank\" rel=\"noopener\">filmotech.com<\/a>, podr\u00e1 asegurar su presencia en cada rinc\u00f3n del planeta y controlar en qu\u00e9 pa\u00edses quiere estar presente.<\/li>\n<li><strong>M\u00e1xima rentabilidad:<\/strong>&nbsp;<a href=\"http:\/\/www.filmotech.com\/\" target=\"_blank\" rel=\"noopener\">filmotech.com<\/a>&nbsp;le ofrece los m\u00e1ximos beneficios, sin que otros se enriquezcan por usted.<\/li>\n<li><strong>La mejor promoci\u00f3n:<\/strong>&nbsp;<a href=\"http:\/\/www.filmotech.com\/\" target=\"_blank\" rel=\"noopener\">filmotech.com<\/a>&nbsp;le permite disfrutar de una herramienta de promoci\u00f3n y publicidad para sus obras presentes, pasadas y futuras, a trav\u00e9s de secciones como noticias, monogr\u00e1ficos, cartelera y pr\u00f3ximos estrenos.<\/li>\n<\/ul>\n<div><\/div>\n<div>\n<p><a href=\"http:\/\/www.veopromo.com\/\" target=\"_blank\" rel=\"noopener\"><img loading=\"lazy\" decoding=\"async\" class=\"alignleft\" style=\"margin-left: 10px; margin-right: 10px;\" alt=\"veopromo\" src=\"https:\/\/www.safecreative.org\/blog\/es\/wp-content\/uploads\/2012\/12\/veopromo.jpg\" width=\"150\" height=\"90\" hspace=\"10\"><\/a><\/p>\n<p>Promoci\u00f3n profesional de obras audiovisuales.<\/p>\n<p>veoPromo ofrece dos ventajas importantes al productor. La primera es una mayor seguridad en el contenido audiovisual, ya que el visionado en streaming no guarda ninguna copia f\u00edsica del contenido y se encuentra limitado al uso del c\u00f3digo asignado y a la identificaci\u00f3n, si fuese necesario, de las direcciones IP autorizadas. La segunda ventaja es el ahorro en producci\u00f3n y costes de env\u00edo del material, ya que no hay necesidad de enviar ning\u00fan tipo de soporte f\u00edsico.<\/p>\n<p>&nbsp;<\/p>\n<p><a href=\"http:\/\/www.veoclips.com\/\" target=\"_blank\" rel=\"noopener\"><img loading=\"lazy\" decoding=\"async\" class=\"alignleft size-full wp-image-3495\" alt=\"Veo Clips\" src=\"https:\/\/www.safecreative.org\/blog\/es\/wp-content\/uploads\/2012\/12\/veoclips_150.png\" width=\"150\" height=\"72\"><\/a>Servicio de secuenciaci\u00f3n de obras audiovisuales para que estas puedan ser explotadas comercialmente.<\/p>\n<p>veoclips autoriza &nbsp;y gestiona el uso de dichas secuencias que puedan realizar televisiones, agencias de publicidad, festivales, etc., f\u00e1cilmente en todo el mundo y, adem\u00e1s, promocionar las mismas en una plataforma de uso profesional, VEOCLIPS, con unos sistemas de b\u00fasquedas y unas herramientas que permitan su env\u00edo a cualquier parte del mundo.<\/p>\n<p>&nbsp;<\/p>\n<p><img loading=\"lazy\" decoding=\"async\" class=\"size-full wp-image-3885 alignleft\" style=\"margin-left: 5px; margin-right: 5px;\" alt=\"qsquien\" src=\"https:\/\/www.safecreative.org\/blog\/es\/wp-content\/uploads\/2012\/12\/qsquien.png\" width=\"152\" height=\"74\" srcset=\"https:\/\/www.safecreative.org\/blog\/es\/wp-content\/uploads\/2012\/12\/qsquien.png 152w, https:\/\/www.safecreative.org\/blog\/es\/wp-content\/uploads\/2012\/12\/qsquien-150x74.png 150w\" sizes=\"auto, (max-width: 152px) 100vw, 152px\" \/>Portal para estar en contacto permanente con todo el sector audiovisual iberoamericano, en beneficio de tus proyectos.<\/p>\n<\/div>\n<p>&nbsp;<\/p>\n<p>&nbsp;<\/p>\n<!-- AddThis Advanced Settings generic via filter on the_content --><!-- AddThis Share Buttons generic via filter on the_content -->","protected":false},"excerpt":{"rendered":"<p>Una vez registrada tu obra en Safe Creative ya dispones de una prueba s\u00f3lida de autor\u00eda que te permite difundir y compartir tu trabajo con&hellip;<!-- AddThis Advanced Settings generic via filter on get_the_excerpt --><!-- AddThis Share Buttons generic via filter on get_the_excerpt --><\/p>\n","protected":false},"author":1,"featured_media":0,"parent":0,"menu_order":0,"comment_status":"open","ping_status":"open","template":"","meta":{"footnotes":""},"class_list":["post-3165","page","type-page","status-publish","hentry"],"yoast_head":"<!-- This site is optimized with the Yoast SEO plugin v27.5 - https:\/\/yoast.com\/product\/yoast-seo-wordpress\/ -->\n<title>Servicios disponibles desde Safe Creative - Safe Creative: Blog<\/title>\n<meta name=\"robots\" content=\"noindex, follow\" \/>\n<meta property=\"og:locale\" content=\"es_ES\" \/>\n<meta property=\"og:type\" content=\"article\" \/>\n<meta property=\"og:title\" content=\"Servicios disponibles desde Safe Creative - Safe Creative: Blog\" \/>\n<meta property=\"og:description\" content=\"Una vez registrada tu obra en Safe Creative ya dispones de una prueba s\u00f3lida de autor\u00eda que te permite difundir y compartir tu trabajo con&hellip;\" \/>\n<meta property=\"og:url\" content=\"https:\/\/www.safecreative.org\/blog\/es\/servicios-profesionales\/\" \/>\n<meta property=\"og:site_name\" content=\"Safe Creative: Blog\" \/>\n<meta property=\"article:publisher\" content=\"https:\/\/www.facebook.com\/safecreative\" \/>\n<meta property=\"article:modified_time\" content=\"2022-12-28T16:38:39+00:00\" \/>\n<meta property=\"og:image\" content=\"https:\/\/www.safecreative.org\/blog\/es\/wp-content\/uploads\/2012\/12\/logo_usco_150.jpg\" \/>\n<meta name=\"twitter:card\" content=\"summary_large_image\" \/>\n<meta name=\"twitter:site\" content=\"@safecreative\" \/>\n<meta name=\"twitter:label1\" content=\"Est. reading time\" \/>\n\t<meta name=\"twitter:data1\" content=\"6 minutos\" \/>\n<script type=\"application\/ld+json\" class=\"yoast-schema-graph\">{\"@context\":\"https:\\\/\\\/schema.org\",\"@graph\":[{\"@type\":\"WebPage\",\"@id\":\"https:\\\/\\\/www.safecreative.org\\\/blog\\\/es\\\/servicios-profesionales\\\/\",\"url\":\"https:\\\/\\\/www.safecreative.org\\\/blog\\\/es\\\/servicios-profesionales\\\/\",\"name\":\"Servicios disponibles desde Safe Creative - Safe Creative: Blog\",\"isPartOf\":{\"@id\":\"https:\\\/\\\/www.safecreative.org\\\/blog\\\/es\\\/#website\"},\"primaryImageOfPage\":{\"@id\":\"https:\\\/\\\/www.safecreative.org\\\/blog\\\/es\\\/servicios-profesionales\\\/#primaryimage\"},\"image\":{\"@id\":\"https:\\\/\\\/www.safecreative.org\\\/blog\\\/es\\\/servicios-profesionales\\\/#primaryimage\"},\"thumbnailUrl\":\"https:\\\/\\\/www.safecreative.org\\\/blog\\\/es\\\/wp-content\\\/uploads\\\/2012\\\/12\\\/logo_usco_150.jpg\",\"datePublished\":\"2012-12-05T10:35:47+00:00\",\"dateModified\":\"2022-12-28T16:38:39+00:00\",\"breadcrumb\":{\"@id\":\"https:\\\/\\\/www.safecreative.org\\\/blog\\\/es\\\/servicios-profesionales\\\/#breadcrumb\"},\"inLanguage\":\"es\",\"potentialAction\":[{\"@type\":\"ReadAction\",\"target\":[\"https:\\\/\\\/www.safecreative.org\\\/blog\\\/es\\\/servicios-profesionales\\\/\"]}]},{\"@type\":\"ImageObject\",\"inLanguage\":\"es\",\"@id\":\"https:\\\/\\\/www.safecreative.org\\\/blog\\\/es\\\/servicios-profesionales\\\/#primaryimage\",\"url\":\"https:\\\/\\\/www.safecreative.org\\\/blog\\\/es\\\/wp-content\\\/uploads\\\/2012\\\/12\\\/logo_usco_150.jpg\",\"contentUrl\":\"https:\\\/\\\/www.safecreative.org\\\/blog\\\/es\\\/wp-content\\\/uploads\\\/2012\\\/12\\\/logo_usco_150.jpg\",\"width\":\"150\",\"height\":\"150\",\"caption\":\"USCO\"},{\"@type\":\"BreadcrumbList\",\"@id\":\"https:\\\/\\\/www.safecreative.org\\\/blog\\\/es\\\/servicios-profesionales\\\/#breadcrumb\",\"itemListElement\":[{\"@type\":\"ListItem\",\"position\":1,\"name\":\"Portada\",\"item\":\"https:\\\/\\\/www.safecreative.org\\\/blog\\\/es\\\/\"},{\"@type\":\"ListItem\",\"position\":2,\"name\":\"Servicios disponibles desde Safe Creative\"}]},{\"@type\":\"WebSite\",\"@id\":\"https:\\\/\\\/www.safecreative.org\\\/blog\\\/es\\\/#website\",\"url\":\"https:\\\/\\\/www.safecreative.org\\\/blog\\\/es\\\/\",\"name\":\"Safe Creative: Blog\",\"description\":\"\",\"publisher\":{\"@id\":\"https:\\\/\\\/www.safecreative.org\\\/blog\\\/es\\\/#organization\"},\"potentialAction\":[{\"@type\":\"SearchAction\",\"target\":{\"@type\":\"EntryPoint\",\"urlTemplate\":\"https:\\\/\\\/www.safecreative.org\\\/blog\\\/es\\\/?s={search_term_string}\"},\"query-input\":{\"@type\":\"PropertyValueSpecification\",\"valueRequired\":true,\"valueName\":\"search_term_string\"}}],\"inLanguage\":\"es\"},{\"@type\":\"Organization\",\"@id\":\"https:\\\/\\\/www.safecreative.org\\\/blog\\\/es\\\/#organization\",\"name\":\"Safe Creative\",\"url\":\"https:\\\/\\\/www.safecreative.org\\\/blog\\\/es\\\/\",\"logo\":{\"@type\":\"ImageObject\",\"inLanguage\":\"es\",\"@id\":\"https:\\\/\\\/www.safecreative.org\\\/blog\\\/es\\\/#\\\/schema\\\/logo\\\/image\\\/\",\"url\":\"https:\\\/\\\/www.safecreative.org\\\/blog\\\/es\\\/wp-content\\\/uploads\\\/2024\\\/05\\\/texto-blog.png\",\"contentUrl\":\"https:\\\/\\\/www.safecreative.org\\\/blog\\\/es\\\/wp-content\\\/uploads\\\/2024\\\/05\\\/texto-blog.png\",\"width\":953,\"height\":183,\"caption\":\"Safe Creative\"},\"image\":{\"@id\":\"https:\\\/\\\/www.safecreative.org\\\/blog\\\/es\\\/#\\\/schema\\\/logo\\\/image\\\/\"},\"sameAs\":[\"https:\\\/\\\/www.facebook.com\\\/safecreative\",\"https:\\\/\\\/x.com\\\/safecreative\",\"https:\\\/\\\/www.instagram.com\\\/safecreative\\\/\",\"https:\\\/\\\/www.linkedin.com\\\/company\\\/safe-creative\\\/\",\"https:\\\/\\\/www.youtube.com\\\/c\\\/safecreative\"]}]}<\/script>\n<!-- \/ Yoast SEO plugin. -->","yoast_head_json":{"title":"Servicios disponibles desde Safe Creative - Safe Creative: Blog","robots":{"index":"noindex","follow":"follow"},"og_locale":"es_ES","og_type":"article","og_title":"Servicios disponibles desde Safe Creative - Safe Creative: Blog","og_description":"Una vez registrada tu obra en Safe Creative ya dispones de una prueba s\u00f3lida de autor\u00eda que te permite difundir y compartir tu trabajo con&hellip;","og_url":"https:\/\/www.safecreative.org\/blog\/es\/servicios-profesionales\/","og_site_name":"Safe Creative: Blog","article_publisher":"https:\/\/www.facebook.com\/safecreative","article_modified_time":"2022-12-28T16:38:39+00:00","og_image":[{"url":"https:\/\/www.safecreative.org\/blog\/es\/wp-content\/uploads\/2012\/12\/logo_usco_150.jpg","type":"","width":"","height":""}],"twitter_card":"summary_large_image","twitter_site":"@safecreative","twitter_misc":{"Est. reading time":"6 minutos"},"schema":{"@context":"https:\/\/schema.org","@graph":[{"@type":"WebPage","@id":"https:\/\/www.safecreative.org\/blog\/es\/servicios-profesionales\/","url":"https:\/\/www.safecreative.org\/blog\/es\/servicios-profesionales\/","name":"Servicios disponibles desde Safe Creative - Safe Creative: Blog","isPartOf":{"@id":"https:\/\/www.safecreative.org\/blog\/es\/#website"},"primaryImageOfPage":{"@id":"https:\/\/www.safecreative.org\/blog\/es\/servicios-profesionales\/#primaryimage"},"image":{"@id":"https:\/\/www.safecreative.org\/blog\/es\/servicios-profesionales\/#primaryimage"},"thumbnailUrl":"https:\/\/www.safecreative.org\/blog\/es\/wp-content\/uploads\/2012\/12\/logo_usco_150.jpg","datePublished":"2012-12-05T10:35:47+00:00","dateModified":"2022-12-28T16:38:39+00:00","breadcrumb":{"@id":"https:\/\/www.safecreative.org\/blog\/es\/servicios-profesionales\/#breadcrumb"},"inLanguage":"es","potentialAction":[{"@type":"ReadAction","target":["https:\/\/www.safecreative.org\/blog\/es\/servicios-profesionales\/"]}]},{"@type":"ImageObject","inLanguage":"es","@id":"https:\/\/www.safecreative.org\/blog\/es\/servicios-profesionales\/#primaryimage","url":"https:\/\/www.safecreative.org\/blog\/es\/wp-content\/uploads\/2012\/12\/logo_usco_150.jpg","contentUrl":"https:\/\/www.safecreative.org\/blog\/es\/wp-content\/uploads\/2012\/12\/logo_usco_150.jpg","width":"150","height":"150","caption":"USCO"},{"@type":"BreadcrumbList","@id":"https:\/\/www.safecreative.org\/blog\/es\/servicios-profesionales\/#breadcrumb","itemListElement":[{"@type":"ListItem","position":1,"name":"Portada","item":"https:\/\/www.safecreative.org\/blog\/es\/"},{"@type":"ListItem","position":2,"name":"Servicios disponibles desde Safe Creative"}]},{"@type":"WebSite","@id":"https:\/\/www.safecreative.org\/blog\/es\/#website","url":"https:\/\/www.safecreative.org\/blog\/es\/","name":"Safe Creative: Blog","description":"","publisher":{"@id":"https:\/\/www.safecreative.org\/blog\/es\/#organization"},"potentialAction":[{"@type":"SearchAction","target":{"@type":"EntryPoint","urlTemplate":"https:\/\/www.safecreative.org\/blog\/es\/?s={search_term_string}"},"query-input":{"@type":"PropertyValueSpecification","valueRequired":true,"valueName":"search_term_string"}}],"inLanguage":"es"},{"@type":"Organization","@id":"https:\/\/www.safecreative.org\/blog\/es\/#organization","name":"Safe Creative","url":"https:\/\/www.safecreative.org\/blog\/es\/","logo":{"@type":"ImageObject","inLanguage":"es","@id":"https:\/\/www.safecreative.org\/blog\/es\/#\/schema\/logo\/image\/","url":"https:\/\/www.safecreative.org\/blog\/es\/wp-content\/uploads\/2024\/05\/texto-blog.png","contentUrl":"https:\/\/www.safecreative.org\/blog\/es\/wp-content\/uploads\/2024\/05\/texto-blog.png","width":953,"height":183,"caption":"Safe Creative"},"image":{"@id":"https:\/\/www.safecreative.org\/blog\/es\/#\/schema\/logo\/image\/"},"sameAs":["https:\/\/www.facebook.com\/safecreative","https:\/\/x.com\/safecreative","https:\/\/www.instagram.com\/safecreative\/","https:\/\/www.linkedin.com\/company\/safe-creative\/","https:\/\/www.youtube.com\/c\/safecreative"]}]}},"_links":{"self":[{"href":"https:\/\/www.safecreative.org\/blog\/es\/wp-json\/wp\/v2\/pages\/3165","targetHints":{"allow":["GET"]}}],"collection":[{"href":"https:\/\/www.safecreative.org\/blog\/es\/wp-json\/wp\/v2\/pages"}],"about":[{"href":"https:\/\/www.safecreative.org\/blog\/es\/wp-json\/wp\/v2\/types\/page"}],"author":[{"embeddable":true,"href":"https:\/\/www.safecreative.org\/blog\/es\/wp-json\/wp\/v2\/users\/1"}],"replies":[{"embeddable":true,"href":"https:\/\/www.safecreative.org\/blog\/es\/wp-json\/wp\/v2\/comments?post=3165"}],"version-history":[{"count":36,"href":"https:\/\/www.safecreative.org\/blog\/es\/wp-json\/wp\/v2\/pages\/3165\/revisions"}],"predecessor-version":[{"id":8529,"href":"https:\/\/www.safecreative.org\/blog\/es\/wp-json\/wp\/v2\/pages\/3165\/revisions\/8529"}],"wp:attachment":[{"href":"https:\/\/www.safecreative.org\/blog\/es\/wp-json\/wp\/v2\/media?parent=3165"}],"curies":[{"name":"wp","href":"https:\/\/api.w.org\/{rel}","templated":true}]}}