{"id":3010,"date":"2012-09-11T08:47:34","date_gmt":"2012-09-11T08:47:34","guid":{"rendered":"https:\/\/www.safecreative.org\/blog\/es\/?page_id=3010"},"modified":"2022-12-28T12:58:33","modified_gmt":"2022-12-28T11:58:33","slug":"automatic-registering-tool-es","status":"publish","type":"page","link":"https:\/\/www.safecreative.org\/blog\/es\/automatic-registering-tool-es\/","title":{"rendered":"Automatic Registering Tool"},"content":{"rendered":"<p>Automatic Registering Tool es un programa que facilita el <a href=\"https:\/\/www.safecreative.org\/blog\/es\/2010\/03\/16\/registro-automatico-desde-tu-ordenador\/\">registro&nbsp;autom\u00e1tico de obras desde tu ordenador<\/a> convirti\u00e9ndolo tu&nbsp;propio registro de propiedad intelectual.<\/p>\n<table style=\"text-align: left; width: 100%;\" border=\"0\" cellspacing=\"2\" cellpadding=\"2\">\n<tbody>\n<tr>\n<td style=\"width: 119px; text-align: center;\" rowspan=\"3\"><a href=\"https:\/\/www.safecreative.org\/blog\/es\/wp-content\/uploads\/2012\/09\/download_100.png\"><img loading=\"lazy\" decoding=\"async\" class=\"alignnone size-full wp-image-3015\" style=\"vertical-align: middle;\" title=\"download_100\" src=\"https:\/\/www.safecreative.org\/blog\/es\/wp-content\/uploads\/2012\/09\/download_100.png\" alt=\"Descargar\" width=\"79\" height=\"95\"><\/a><br \/>\nDESCARGAR<\/td>\n<td><img loading=\"lazy\" decoding=\"async\" class=\"size-full wp-image-3012 alignnone\" title=\"logo_windows_32\" src=\"https:\/\/www.safecreative.org\/blog\/es\/wp-content\/uploads\/2012\/09\/logo_windows_32.png\" alt=\"Windows\" width=\"36\" height=\"32\"><a title=\"SafeCreative-ART.v0.7.4.install.exe\" href=\"https:\/\/downloads.safecreative.org\/art\/SafeCreative-ART.v0.7.4.install.exe\">Windows Safe Creative ART v0.7.4<\/a><\/td>\n<\/tr>\n<tr>\n<td><a href=\"https:\/\/www.safecreative.org\/blog\/es\/wp-content\/uploads\/2012\/09\/logo_linux_32.png\"><img loading=\"lazy\" decoding=\"async\" class=\"size-full wp-image-3013 alignnone\" title=\"logo_linux_32\" src=\"https:\/\/www.safecreative.org\/blog\/es\/wp-content\/uploads\/2012\/09\/logo_linux_32.png\" alt=\"Linux\" width=\"27\" height=\"32\"><\/a><br \/>\n(Java: GNU\/Linux etc.): <a title=\"SafeCreative-ART.v0.7.4.install.jar\" href=\"https:\/\/downloads.safecreative.org\/art\/SafeCreative-ART.v0.7.4.install.jar\">SafeCreative&nbsp;ART muliplataforma v0.7.4<\/a><br \/>\n<span style=\"color: #ff0000;\">(debes tener la versi\u00f3n 1.6&nbsp;de Java instalada)<\/span><\/td>\n<\/tr>\n<tr>\n<td><a href=\"https:\/\/www.safecreative.org\/blog\/es\/wp-content\/uploads\/2012\/09\/logo_mac_os_32.png\"><img loading=\"lazy\" decoding=\"async\" class=\"size-full wp-image-3014 alignnone\" title=\"logo_mac_os_32\" src=\"https:\/\/www.safecreative.org\/blog\/es\/wp-content\/uploads\/2012\/09\/logo_mac_os_32.png\" alt=\"Mac OS\" width=\"30\" height=\"32\"><\/a><br \/>\n(Mac OS X) <a href=\"https:\/\/downloads.safecreative.org\/art\/SafeCreative-ART.v0.7.5.pkg\">Safe Creative ART v0.7.5.pkg<\/a><span style=\"color: #ff0000;\"><br \/>\n<\/span><\/td>\n<\/tr>\n<\/tbody>\n<\/table>\n<p>El programa se instala f\u00e1cilmente en tu equipo permitiendo&nbsp;definir carpetas cuyo contenido se registrar\u00e1 bajo un perfil&nbsp;previamente creado en tu cuenta de Safe Creative.<\/p>\n<p style=\"text-align: center;\"><a href=\"https:\/\/www.safecreative.org\/blog\/es\/wp-content\/uploads\/2012\/09\/registering_600.jpg\"><img loading=\"lazy\" decoding=\"async\" class=\"alignnone size-full wp-image-3016\" title=\"registering_600\" src=\"https:\/\/www.safecreative.org\/blog\/es\/wp-content\/uploads\/2012\/09\/registering_600.jpg\" alt=\"Registrando\" width=\"600\" height=\"340\" srcset=\"https:\/\/www.safecreative.org\/blog\/es\/wp-content\/uploads\/2012\/09\/registering_600.jpg 600w, https:\/\/www.safecreative.org\/blog\/es\/wp-content\/uploads\/2012\/09\/registering_600-300x170.jpg 300w\" sizes=\"auto, (max-width: 600px) 100vw, 600px\" \/><\/a><\/p>\n<p>Instala el programa y dile de qu\u00e9 carpetas tiene que tomar las&nbsp;obras y bajo qu\u00e9 perfil se registrar\u00e1n \u00e9stas. Cada vez que a\u00f1adas un&nbsp;fichero nuevo a esa carpeta, la obra se registrar\u00e1 autom\u00e1ticamente con&nbsp;el perfil previamente definido.<\/p>\n<p>As\u00ed pues puedes tener carpetas con fotograf\u00edas, otras con&nbsp;art\u00edculos period\u00edsticos, otras con canciones, y las obras se ir\u00e1n&nbsp;registrando en Safe Creative seg\u00fan las vayas incorporando.<\/p>\n<p style=\"text-align: center;\"><a href=\"https:\/\/www.safecreative.org\/blog\/es\/wp-content\/uploads\/2012\/09\/aprobacion_es1.jpg\"><img loading=\"lazy\" decoding=\"async\" class=\"alignnone size-full wp-image-3017\" title=\"aprobacion_es1\" src=\"https:\/\/www.safecreative.org\/blog\/es\/wp-content\/uploads\/2012\/09\/aprobacion_es1.jpg\" alt=\"Instalacion\" width=\"500\" height=\"258\" srcset=\"https:\/\/www.safecreative.org\/blog\/es\/wp-content\/uploads\/2012\/09\/aprobacion_es1.jpg 500w, https:\/\/www.safecreative.org\/blog\/es\/wp-content\/uploads\/2012\/09\/aprobacion_es1-300x154.jpg 300w\" sizes=\"auto, (max-width: 500px) 100vw, 500px\" \/><\/a><\/p>\n<!-- AddThis Advanced Settings generic via filter on the_content --><!-- AddThis Share Buttons generic via filter on the_content -->","protected":false},"excerpt":{"rendered":"<p>Automatic Registering Tool es un programa que facilita el registro&nbsp;autom\u00e1tico de obras desde tu ordenador convirti\u00e9ndolo tu&nbsp;propio registro de propiedad intelectual. DESCARGAR Windows Safe Creative&hellip;<!-- AddThis Advanced Settings generic via filter on get_the_excerpt --><!-- AddThis Share Buttons generic via filter on get_the_excerpt --><\/p>\n","protected":false},"author":1,"featured_media":0,"parent":0,"menu_order":0,"comment_status":"open","ping_status":"open","template":"","meta":{"footnotes":""},"class_list":["post-3010","page","type-page","status-publish","hentry"],"yoast_head":"<!-- This site is optimized with the Yoast SEO plugin v27.5 - https:\/\/yoast.com\/product\/yoast-seo-wordpress\/ -->\n<title>Automatic Registering Tool - Safe Creative: Blog<\/title>\n<meta name=\"robots\" content=\"noindex, follow\" \/>\n<meta property=\"og:locale\" content=\"es_ES\" \/>\n<meta property=\"og:type\" content=\"article\" \/>\n<meta property=\"og:title\" content=\"Automatic Registering Tool - Safe Creative: Blog\" \/>\n<meta property=\"og:description\" content=\"Automatic Registering Tool es un programa que facilita el registro&nbsp;autom\u00e1tico de obras desde tu ordenador convirti\u00e9ndolo tu&nbsp;propio registro de propiedad intelectual. DESCARGAR Windows Safe Creative&hellip;\" \/>\n<meta property=\"og:url\" content=\"https:\/\/www.safecreative.org\/blog\/es\/automatic-registering-tool-es\/\" \/>\n<meta property=\"og:site_name\" content=\"Safe Creative: Blog\" \/>\n<meta property=\"article:publisher\" content=\"https:\/\/www.facebook.com\/safecreative\" \/>\n<meta property=\"article:modified_time\" content=\"2022-12-28T11:58:33+00:00\" \/>\n<meta property=\"og:image\" content=\"https:\/\/www.safecreative.org\/blog\/es\/wp-content\/uploads\/2012\/09\/download_100.png\" \/>\n<meta name=\"twitter:card\" content=\"summary_large_image\" \/>\n<meta name=\"twitter:site\" content=\"@safecreative\" \/>\n<meta name=\"twitter:label1\" content=\"Est. reading time\" \/>\n\t<meta name=\"twitter:data1\" content=\"2 minutos\" \/>\n<script type=\"application\/ld+json\" class=\"yoast-schema-graph\">{\"@context\":\"https:\\\/\\\/schema.org\",\"@graph\":[{\"@type\":\"WebPage\",\"@id\":\"https:\\\/\\\/www.safecreative.org\\\/blog\\\/es\\\/automatic-registering-tool-es\\\/\",\"url\":\"https:\\\/\\\/www.safecreative.org\\\/blog\\\/es\\\/automatic-registering-tool-es\\\/\",\"name\":\"Automatic Registering Tool - Safe Creative: Blog\",\"isPartOf\":{\"@id\":\"https:\\\/\\\/www.safecreative.org\\\/blog\\\/es\\\/#website\"},\"primaryImageOfPage\":{\"@id\":\"https:\\\/\\\/www.safecreative.org\\\/blog\\\/es\\\/automatic-registering-tool-es\\\/#primaryimage\"},\"image\":{\"@id\":\"https:\\\/\\\/www.safecreative.org\\\/blog\\\/es\\\/automatic-registering-tool-es\\\/#primaryimage\"},\"thumbnailUrl\":\"https:\\\/\\\/www.safecreative.org\\\/blog\\\/es\\\/wp-content\\\/uploads\\\/2012\\\/09\\\/download_100.png\",\"datePublished\":\"2012-09-11T08:47:34+00:00\",\"dateModified\":\"2022-12-28T11:58:33+00:00\",\"breadcrumb\":{\"@id\":\"https:\\\/\\\/www.safecreative.org\\\/blog\\\/es\\\/automatic-registering-tool-es\\\/#breadcrumb\"},\"inLanguage\":\"es\",\"potentialAction\":[{\"@type\":\"ReadAction\",\"target\":[\"https:\\\/\\\/www.safecreative.org\\\/blog\\\/es\\\/automatic-registering-tool-es\\\/\"]}]},{\"@type\":\"ImageObject\",\"inLanguage\":\"es\",\"@id\":\"https:\\\/\\\/www.safecreative.org\\\/blog\\\/es\\\/automatic-registering-tool-es\\\/#primaryimage\",\"url\":\"https:\\\/\\\/www.safecreative.org\\\/blog\\\/es\\\/wp-content\\\/uploads\\\/2012\\\/09\\\/download_100.png\",\"contentUrl\":\"https:\\\/\\\/www.safecreative.org\\\/blog\\\/es\\\/wp-content\\\/uploads\\\/2012\\\/09\\\/download_100.png\"},{\"@type\":\"BreadcrumbList\",\"@id\":\"https:\\\/\\\/www.safecreative.org\\\/blog\\\/es\\\/automatic-registering-tool-es\\\/#breadcrumb\",\"itemListElement\":[{\"@type\":\"ListItem\",\"position\":1,\"name\":\"Portada\",\"item\":\"https:\\\/\\\/www.safecreative.org\\\/blog\\\/es\\\/\"},{\"@type\":\"ListItem\",\"position\":2,\"name\":\"Automatic Registering Tool\"}]},{\"@type\":\"WebSite\",\"@id\":\"https:\\\/\\\/www.safecreative.org\\\/blog\\\/es\\\/#website\",\"url\":\"https:\\\/\\\/www.safecreative.org\\\/blog\\\/es\\\/\",\"name\":\"Safe Creative: Blog\",\"description\":\"\",\"publisher\":{\"@id\":\"https:\\\/\\\/www.safecreative.org\\\/blog\\\/es\\\/#organization\"},\"potentialAction\":[{\"@type\":\"SearchAction\",\"target\":{\"@type\":\"EntryPoint\",\"urlTemplate\":\"https:\\\/\\\/www.safecreative.org\\\/blog\\\/es\\\/?s={search_term_string}\"},\"query-input\":{\"@type\":\"PropertyValueSpecification\",\"valueRequired\":true,\"valueName\":\"search_term_string\"}}],\"inLanguage\":\"es\"},{\"@type\":\"Organization\",\"@id\":\"https:\\\/\\\/www.safecreative.org\\\/blog\\\/es\\\/#organization\",\"name\":\"Safe Creative\",\"url\":\"https:\\\/\\\/www.safecreative.org\\\/blog\\\/es\\\/\",\"logo\":{\"@type\":\"ImageObject\",\"inLanguage\":\"es\",\"@id\":\"https:\\\/\\\/www.safecreative.org\\\/blog\\\/es\\\/#\\\/schema\\\/logo\\\/image\\\/\",\"url\":\"https:\\\/\\\/www.safecreative.org\\\/blog\\\/es\\\/wp-content\\\/uploads\\\/2024\\\/05\\\/texto-blog.png\",\"contentUrl\":\"https:\\\/\\\/www.safecreative.org\\\/blog\\\/es\\\/wp-content\\\/uploads\\\/2024\\\/05\\\/texto-blog.png\",\"width\":953,\"height\":183,\"caption\":\"Safe Creative\"},\"image\":{\"@id\":\"https:\\\/\\\/www.safecreative.org\\\/blog\\\/es\\\/#\\\/schema\\\/logo\\\/image\\\/\"},\"sameAs\":[\"https:\\\/\\\/www.facebook.com\\\/safecreative\",\"https:\\\/\\\/x.com\\\/safecreative\",\"https:\\\/\\\/www.instagram.com\\\/safecreative\\\/\",\"https:\\\/\\\/www.linkedin.com\\\/company\\\/safe-creative\\\/\",\"https:\\\/\\\/www.youtube.com\\\/c\\\/safecreative\"]}]}<\/script>\n<!-- \/ Yoast SEO plugin. -->","yoast_head_json":{"title":"Automatic Registering Tool - Safe Creative: Blog","robots":{"index":"noindex","follow":"follow"},"og_locale":"es_ES","og_type":"article","og_title":"Automatic Registering Tool - Safe Creative: Blog","og_description":"Automatic Registering Tool es un programa que facilita el registro&nbsp;autom\u00e1tico de obras desde tu ordenador convirti\u00e9ndolo tu&nbsp;propio registro de propiedad intelectual. DESCARGAR Windows Safe Creative&hellip;","og_url":"https:\/\/www.safecreative.org\/blog\/es\/automatic-registering-tool-es\/","og_site_name":"Safe Creative: Blog","article_publisher":"https:\/\/www.facebook.com\/safecreative","article_modified_time":"2022-12-28T11:58:33+00:00","og_image":[{"url":"https:\/\/www.safecreative.org\/blog\/es\/wp-content\/uploads\/2012\/09\/download_100.png","type":"","width":"","height":""}],"twitter_card":"summary_large_image","twitter_site":"@safecreative","twitter_misc":{"Est. reading time":"2 minutos"},"schema":{"@context":"https:\/\/schema.org","@graph":[{"@type":"WebPage","@id":"https:\/\/www.safecreative.org\/blog\/es\/automatic-registering-tool-es\/","url":"https:\/\/www.safecreative.org\/blog\/es\/automatic-registering-tool-es\/","name":"Automatic Registering Tool - Safe Creative: Blog","isPartOf":{"@id":"https:\/\/www.safecreative.org\/blog\/es\/#website"},"primaryImageOfPage":{"@id":"https:\/\/www.safecreative.org\/blog\/es\/automatic-registering-tool-es\/#primaryimage"},"image":{"@id":"https:\/\/www.safecreative.org\/blog\/es\/automatic-registering-tool-es\/#primaryimage"},"thumbnailUrl":"https:\/\/www.safecreative.org\/blog\/es\/wp-content\/uploads\/2012\/09\/download_100.png","datePublished":"2012-09-11T08:47:34+00:00","dateModified":"2022-12-28T11:58:33+00:00","breadcrumb":{"@id":"https:\/\/www.safecreative.org\/blog\/es\/automatic-registering-tool-es\/#breadcrumb"},"inLanguage":"es","potentialAction":[{"@type":"ReadAction","target":["https:\/\/www.safecreative.org\/blog\/es\/automatic-registering-tool-es\/"]}]},{"@type":"ImageObject","inLanguage":"es","@id":"https:\/\/www.safecreative.org\/blog\/es\/automatic-registering-tool-es\/#primaryimage","url":"https:\/\/www.safecreative.org\/blog\/es\/wp-content\/uploads\/2012\/09\/download_100.png","contentUrl":"https:\/\/www.safecreative.org\/blog\/es\/wp-content\/uploads\/2012\/09\/download_100.png"},{"@type":"BreadcrumbList","@id":"https:\/\/www.safecreative.org\/blog\/es\/automatic-registering-tool-es\/#breadcrumb","itemListElement":[{"@type":"ListItem","position":1,"name":"Portada","item":"https:\/\/www.safecreative.org\/blog\/es\/"},{"@type":"ListItem","position":2,"name":"Automatic Registering Tool"}]},{"@type":"WebSite","@id":"https:\/\/www.safecreative.org\/blog\/es\/#website","url":"https:\/\/www.safecreative.org\/blog\/es\/","name":"Safe Creative: Blog","description":"","publisher":{"@id":"https:\/\/www.safecreative.org\/blog\/es\/#organization"},"potentialAction":[{"@type":"SearchAction","target":{"@type":"EntryPoint","urlTemplate":"https:\/\/www.safecreative.org\/blog\/es\/?s={search_term_string}"},"query-input":{"@type":"PropertyValueSpecification","valueRequired":true,"valueName":"search_term_string"}}],"inLanguage":"es"},{"@type":"Organization","@id":"https:\/\/www.safecreative.org\/blog\/es\/#organization","name":"Safe Creative","url":"https:\/\/www.safecreative.org\/blog\/es\/","logo":{"@type":"ImageObject","inLanguage":"es","@id":"https:\/\/www.safecreative.org\/blog\/es\/#\/schema\/logo\/image\/","url":"https:\/\/www.safecreative.org\/blog\/es\/wp-content\/uploads\/2024\/05\/texto-blog.png","contentUrl":"https:\/\/www.safecreative.org\/blog\/es\/wp-content\/uploads\/2024\/05\/texto-blog.png","width":953,"height":183,"caption":"Safe Creative"},"image":{"@id":"https:\/\/www.safecreative.org\/blog\/es\/#\/schema\/logo\/image\/"},"sameAs":["https:\/\/www.facebook.com\/safecreative","https:\/\/x.com\/safecreative","https:\/\/www.instagram.com\/safecreative\/","https:\/\/www.linkedin.com\/company\/safe-creative\/","https:\/\/www.youtube.com\/c\/safecreative"]}]}},"_links":{"self":[{"href":"https:\/\/www.safecreative.org\/blog\/es\/wp-json\/wp\/v2\/pages\/3010","targetHints":{"allow":["GET"]}}],"collection":[{"href":"https:\/\/www.safecreative.org\/blog\/es\/wp-json\/wp\/v2\/pages"}],"about":[{"href":"https:\/\/www.safecreative.org\/blog\/es\/wp-json\/wp\/v2\/types\/page"}],"author":[{"embeddable":true,"href":"https:\/\/www.safecreative.org\/blog\/es\/wp-json\/wp\/v2\/users\/1"}],"replies":[{"embeddable":true,"href":"https:\/\/www.safecreative.org\/blog\/es\/wp-json\/wp\/v2\/comments?post=3010"}],"version-history":[{"count":20,"href":"https:\/\/www.safecreative.org\/blog\/es\/wp-json\/wp\/v2\/pages\/3010\/revisions"}],"predecessor-version":[{"id":8523,"href":"https:\/\/www.safecreative.org\/blog\/es\/wp-json\/wp\/v2\/pages\/3010\/revisions\/8523"}],"wp:attachment":[{"href":"https:\/\/www.safecreative.org\/blog\/es\/wp-json\/wp\/v2\/media?parent=3010"}],"curies":[{"name":"wp","href":"https:\/\/api.w.org\/{rel}","templated":true}]}}