{"id":2368,"date":"2011-10-05T10:54:31","date_gmt":"2011-10-05T10:54:31","guid":{"rendered":"https:\/\/www.safecreative.org\/blog\/es\/"},"modified":"2023-02-27T12:35:52","modified_gmt":"2023-02-27T11:35:52","slug":"manuales","status":"publish","type":"page","link":"https:\/\/www.safecreative.org\/blog\/es\/manuales\/","title":{"rendered":"Manuales"},"content":{"rendered":"<h2>Gu\u00edas visuales<\/h2>\n<p><a href=\"https:\/\/www.safecreative.org\/blog\/es\/2011\/03\/23\/safe-creative-en-1-minuto\/\">Safe Creative en 1 minuto<\/a><\/p>\n<p><a title=\"C\u00f3mo registrar una obra en Safe Creative\" href=\"https:\/\/www.safecreative.org\/blog\/es\/2010\/08\/20\/como-registrar-una-obra-en-safe-creative\/\">C\u00f3mo registrar una obra en Safe Creative<\/a><\/p>\n<p><a href=\"https:\/\/www.safecreative.org\/blog\/es\/2013\/11\/08\/como-registrar-coautores\/\">C\u00f3mo registrar coautores de una obra<\/a><\/p>\n<p><a href=\"https:\/\/www.safecreative.org\/blog\/es\/2013\/10\/23\/como-registrar-automaticamente-tus-publicaciones-de-facebook\/\">C\u00f3mo registrar autom\u00e1ticamente las publicaciones en Facebook<\/a><\/p>\n<p><a title=\"Registrar blogs. Registro por RSS\" href=\"https:\/\/www.safecreative.org\/blog\/es\/2010\/08\/04\/manual-de-safe-creative-para-registrar-blogs\/\">Registrar blogs. Registro automatizado por RSS<\/a><\/p>\n<p><a href=\"https:\/\/www.safecreative.org\/blog\/es\/2011\/12\/12\/como-solicitar-un-certificado-de-registro\/\">C\u00f3mo solicitar un Certificado de Registro<\/a><\/p>\n<p><a title=\"C\u00f3mo obtener la etiqueta informativa del registro\" href=\"https:\/\/www.safecreative.org\/blog\/es\/2010\/08\/18\/como-obtener-la-etiqueta-informativa-del-registro\/\">C\u00f3mo obtener la etiqueta informativa del registro<\/a><\/p>\n<p><a title=\"C\u00f3mo poner la etiqueta informativa en el fichero que se registra \" href=\"https:\/\/www.safecreative.org\/blog\/es\/2010\/08\/18\/como-poner-la-etiqueta-informativa-en-el-fichero-registrado\/\">C\u00f3mo poner la etiqueta informativa en el fichero que se registra<\/a><\/p>\n<h2>Art\u00edculos<\/h2>\n<p><a title=\"Una forma de poner etiquetas de registro en un blog\" href=\"https:\/\/www.safecreative.org\/blog\/es\/2010\/06\/09\/relatos-sorprendentes-nos-muestra-una-forma-de-poner-las-etiquetas-de-registro-en-un-blog\/\">Una forma de poner etiquetas de registro en un blog<\/a><\/p>\n<p><a title=\"C\u00f3mo activar el registro autom\u00e1tico: ART\" href=\"https:\/\/www.safecreative.org\/blog\/es\/2010\/03\/16\/registro-automatico-desde-tu-ordenador\/\">C\u00f3mo activar el registro autom\u00e1tico: ART<\/a><\/p>\n<p><a title=\"Aumentar el nivel de identificaci\u00f3n. C\u00f3mo asignar un certificado digital a nuestra cuenta de usuario \" href=\"https:\/\/www.safecreative.org\/blog\/es\/2009\/08\/10\/asignar-certificado-digital-a-nuestra-cuenta-de-usuario\/\">Aumentar el nivel de identificaci\u00f3n. C\u00f3mo asignar un certificado digital a nuestra cuenta de usuario<\/a><\/p>\n<!-- AddThis Advanced Settings generic via filter on the_content --><!-- AddThis Share Buttons generic via filter on the_content -->","protected":false},"excerpt":{"rendered":"<p>Gu\u00edas visuales Safe Creative en 1 minuto C\u00f3mo registrar una obra en Safe Creative C\u00f3mo registrar coautores de una obra C\u00f3mo registrar autom\u00e1ticamente las publicaciones&hellip;<!-- AddThis Advanced Settings generic via filter on get_the_excerpt --><!-- AddThis Share Buttons generic via filter on get_the_excerpt --><\/p>\n","protected":false},"author":1,"featured_media":0,"parent":0,"menu_order":0,"comment_status":"open","ping_status":"open","template":"","meta":{"footnotes":""},"class_list":["post-2368","page","type-page","status-publish","hentry"],"yoast_head":"<!-- This site is optimized with the Yoast SEO plugin v27.5 - https:\/\/yoast.com\/product\/yoast-seo-wordpress\/ -->\n<title>Manuales - Safe Creative: Blog<\/title>\n<meta name=\"robots\" content=\"index, follow, max-snippet:-1, max-image-preview:large, max-video-preview:-1\" \/>\n<link rel=\"canonical\" href=\"https:\/\/www.safecreative.org\/blog\/es\/manuales\/\" \/>\n<meta property=\"og:locale\" content=\"es_ES\" \/>\n<meta property=\"og:type\" content=\"article\" \/>\n<meta property=\"og:title\" content=\"Manuales - Safe Creative: Blog\" \/>\n<meta property=\"og:description\" content=\"Gu\u00edas visuales Safe Creative en 1 minuto C\u00f3mo registrar una obra en Safe Creative C\u00f3mo registrar coautores de una obra C\u00f3mo registrar autom\u00e1ticamente las publicaciones&hellip;\" \/>\n<meta property=\"og:url\" content=\"https:\/\/www.safecreative.org\/blog\/es\/manuales\/\" \/>\n<meta property=\"og:site_name\" content=\"Safe Creative: Blog\" \/>\n<meta property=\"article:publisher\" content=\"https:\/\/www.facebook.com\/safecreative\" \/>\n<meta property=\"article:modified_time\" content=\"2023-02-27T11:35:52+00:00\" \/>\n<meta name=\"twitter:card\" content=\"summary_large_image\" \/>\n<meta name=\"twitter:site\" content=\"@safecreative\" \/>\n<meta name=\"twitter:label1\" content=\"Est. reading time\" \/>\n\t<meta name=\"twitter:data1\" content=\"1 minuto\" \/>\n<script type=\"application\/ld+json\" class=\"yoast-schema-graph\">{\"@context\":\"https:\\\/\\\/schema.org\",\"@graph\":[{\"@type\":\"WebPage\",\"@id\":\"https:\\\/\\\/www.safecreative.org\\\/blog\\\/es\\\/manuales\\\/\",\"url\":\"https:\\\/\\\/www.safecreative.org\\\/blog\\\/es\\\/manuales\\\/\",\"name\":\"Manuales - Safe Creative: Blog\",\"isPartOf\":{\"@id\":\"https:\\\/\\\/www.safecreative.org\\\/blog\\\/es\\\/#website\"},\"datePublished\":\"2011-10-05T10:54:31+00:00\",\"dateModified\":\"2023-02-27T11:35:52+00:00\",\"breadcrumb\":{\"@id\":\"https:\\\/\\\/www.safecreative.org\\\/blog\\\/es\\\/manuales\\\/#breadcrumb\"},\"inLanguage\":\"es\",\"potentialAction\":[{\"@type\":\"ReadAction\",\"target\":[\"https:\\\/\\\/www.safecreative.org\\\/blog\\\/es\\\/manuales\\\/\"]}]},{\"@type\":\"BreadcrumbList\",\"@id\":\"https:\\\/\\\/www.safecreative.org\\\/blog\\\/es\\\/manuales\\\/#breadcrumb\",\"itemListElement\":[{\"@type\":\"ListItem\",\"position\":1,\"name\":\"Portada\",\"item\":\"https:\\\/\\\/www.safecreative.org\\\/blog\\\/es\\\/\"},{\"@type\":\"ListItem\",\"position\":2,\"name\":\"Manuales\"}]},{\"@type\":\"WebSite\",\"@id\":\"https:\\\/\\\/www.safecreative.org\\\/blog\\\/es\\\/#website\",\"url\":\"https:\\\/\\\/www.safecreative.org\\\/blog\\\/es\\\/\",\"name\":\"Safe Creative: Blog\",\"description\":\"\",\"publisher\":{\"@id\":\"https:\\\/\\\/www.safecreative.org\\\/blog\\\/es\\\/#organization\"},\"potentialAction\":[{\"@type\":\"SearchAction\",\"target\":{\"@type\":\"EntryPoint\",\"urlTemplate\":\"https:\\\/\\\/www.safecreative.org\\\/blog\\\/es\\\/?s={search_term_string}\"},\"query-input\":{\"@type\":\"PropertyValueSpecification\",\"valueRequired\":true,\"valueName\":\"search_term_string\"}}],\"inLanguage\":\"es\"},{\"@type\":\"Organization\",\"@id\":\"https:\\\/\\\/www.safecreative.org\\\/blog\\\/es\\\/#organization\",\"name\":\"Safe Creative\",\"url\":\"https:\\\/\\\/www.safecreative.org\\\/blog\\\/es\\\/\",\"logo\":{\"@type\":\"ImageObject\",\"inLanguage\":\"es\",\"@id\":\"https:\\\/\\\/www.safecreative.org\\\/blog\\\/es\\\/#\\\/schema\\\/logo\\\/image\\\/\",\"url\":\"https:\\\/\\\/www.safecreative.org\\\/blog\\\/es\\\/wp-content\\\/uploads\\\/2024\\\/05\\\/texto-blog.png\",\"contentUrl\":\"https:\\\/\\\/www.safecreative.org\\\/blog\\\/es\\\/wp-content\\\/uploads\\\/2024\\\/05\\\/texto-blog.png\",\"width\":953,\"height\":183,\"caption\":\"Safe Creative\"},\"image\":{\"@id\":\"https:\\\/\\\/www.safecreative.org\\\/blog\\\/es\\\/#\\\/schema\\\/logo\\\/image\\\/\"},\"sameAs\":[\"https:\\\/\\\/www.facebook.com\\\/safecreative\",\"https:\\\/\\\/x.com\\\/safecreative\",\"https:\\\/\\\/www.instagram.com\\\/safecreative\\\/\",\"https:\\\/\\\/www.linkedin.com\\\/company\\\/safe-creative\\\/\",\"https:\\\/\\\/www.youtube.com\\\/c\\\/safecreative\"]}]}<\/script>\n<!-- \/ Yoast SEO plugin. -->","yoast_head_json":{"title":"Manuales - Safe Creative: Blog","robots":{"index":"index","follow":"follow","max-snippet":"max-snippet:-1","max-image-preview":"max-image-preview:large","max-video-preview":"max-video-preview:-1"},"canonical":"https:\/\/www.safecreative.org\/blog\/es\/manuales\/","og_locale":"es_ES","og_type":"article","og_title":"Manuales - Safe Creative: Blog","og_description":"Gu\u00edas visuales Safe Creative en 1 minuto C\u00f3mo registrar una obra en Safe Creative C\u00f3mo registrar coautores de una obra C\u00f3mo registrar autom\u00e1ticamente las publicaciones&hellip;","og_url":"https:\/\/www.safecreative.org\/blog\/es\/manuales\/","og_site_name":"Safe Creative: Blog","article_publisher":"https:\/\/www.facebook.com\/safecreative","article_modified_time":"2023-02-27T11:35:52+00:00","twitter_card":"summary_large_image","twitter_site":"@safecreative","twitter_misc":{"Est. reading time":"1 minuto"},"schema":{"@context":"https:\/\/schema.org","@graph":[{"@type":"WebPage","@id":"https:\/\/www.safecreative.org\/blog\/es\/manuales\/","url":"https:\/\/www.safecreative.org\/blog\/es\/manuales\/","name":"Manuales - Safe Creative: Blog","isPartOf":{"@id":"https:\/\/www.safecreative.org\/blog\/es\/#website"},"datePublished":"2011-10-05T10:54:31+00:00","dateModified":"2023-02-27T11:35:52+00:00","breadcrumb":{"@id":"https:\/\/www.safecreative.org\/blog\/es\/manuales\/#breadcrumb"},"inLanguage":"es","potentialAction":[{"@type":"ReadAction","target":["https:\/\/www.safecreative.org\/blog\/es\/manuales\/"]}]},{"@type":"BreadcrumbList","@id":"https:\/\/www.safecreative.org\/blog\/es\/manuales\/#breadcrumb","itemListElement":[{"@type":"ListItem","position":1,"name":"Portada","item":"https:\/\/www.safecreative.org\/blog\/es\/"},{"@type":"ListItem","position":2,"name":"Manuales"}]},{"@type":"WebSite","@id":"https:\/\/www.safecreative.org\/blog\/es\/#website","url":"https:\/\/www.safecreative.org\/blog\/es\/","name":"Safe Creative: Blog","description":"","publisher":{"@id":"https:\/\/www.safecreative.org\/blog\/es\/#organization"},"potentialAction":[{"@type":"SearchAction","target":{"@type":"EntryPoint","urlTemplate":"https:\/\/www.safecreative.org\/blog\/es\/?s={search_term_string}"},"query-input":{"@type":"PropertyValueSpecification","valueRequired":true,"valueName":"search_term_string"}}],"inLanguage":"es"},{"@type":"Organization","@id":"https:\/\/www.safecreative.org\/blog\/es\/#organization","name":"Safe Creative","url":"https:\/\/www.safecreative.org\/blog\/es\/","logo":{"@type":"ImageObject","inLanguage":"es","@id":"https:\/\/www.safecreative.org\/blog\/es\/#\/schema\/logo\/image\/","url":"https:\/\/www.safecreative.org\/blog\/es\/wp-content\/uploads\/2024\/05\/texto-blog.png","contentUrl":"https:\/\/www.safecreative.org\/blog\/es\/wp-content\/uploads\/2024\/05\/texto-blog.png","width":953,"height":183,"caption":"Safe Creative"},"image":{"@id":"https:\/\/www.safecreative.org\/blog\/es\/#\/schema\/logo\/image\/"},"sameAs":["https:\/\/www.facebook.com\/safecreative","https:\/\/x.com\/safecreative","https:\/\/www.instagram.com\/safecreative\/","https:\/\/www.linkedin.com\/company\/safe-creative\/","https:\/\/www.youtube.com\/c\/safecreative"]}]}},"_links":{"self":[{"href":"https:\/\/www.safecreative.org\/blog\/es\/wp-json\/wp\/v2\/pages\/2368","targetHints":{"allow":["GET"]}}],"collection":[{"href":"https:\/\/www.safecreative.org\/blog\/es\/wp-json\/wp\/v2\/pages"}],"about":[{"href":"https:\/\/www.safecreative.org\/blog\/es\/wp-json\/wp\/v2\/types\/page"}],"author":[{"embeddable":true,"href":"https:\/\/www.safecreative.org\/blog\/es\/wp-json\/wp\/v2\/users\/1"}],"replies":[{"embeddable":true,"href":"https:\/\/www.safecreative.org\/blog\/es\/wp-json\/wp\/v2\/comments?post=2368"}],"version-history":[{"count":43,"href":"https:\/\/www.safecreative.org\/blog\/es\/wp-json\/wp\/v2\/pages\/2368\/revisions"}],"predecessor-version":[{"id":8615,"href":"https:\/\/www.safecreative.org\/blog\/es\/wp-json\/wp\/v2\/pages\/2368\/revisions\/8615"}],"wp:attachment":[{"href":"https:\/\/www.safecreative.org\/blog\/es\/wp-json\/wp\/v2\/media?parent=2368"}],"curies":[{"name":"wp","href":"https:\/\/api.w.org\/{rel}","templated":true}]}}